{"id":42131,"date":"2021-08-09T14:35:46","date_gmt":"2021-08-09T12:35:46","guid":{"rendered":"https:\/\/hochschulfreun.de\/news\/"},"modified":"2022-12-21T09:48:37","modified_gmt":"2022-12-21T08:48:37","slug":"news","status":"publish","type":"page","link":"https:\/\/hochschulfreun.de\/en\/news\/","title":{"rendered":"News"},"content":{"rendered":"<p>[et_pb_section fb_built=&#8221;1&#8243; module_class=&#8221;hsfr_pattern2&#8243; _builder_version=&#8221;4.18.0&#8243; _module_preset=&#8221;default&#8221; background_color=&#8221;#fbfdfe&#8221; background_enable_image=&#8221;off&#8221; parallax=&#8221;on&#8221; background_enable_pattern_style=&#8221;on&#8221; background_pattern_size=&#8221;contain&#8221; background_pattern_repeat_origin=&#8221;center&#8221; background_pattern_repeat=&#8221;repeat-y&#8221; module_alignment=&#8221;center&#8221; bottom_divider_flip=&#8221;vertical&#8221; background_last_edited=&#8221;on|phone&#8221; background_enable_pattern_style_phone=&#8221;off&#8221; global_colors_info=&#8221;{}&#8221;][et_pb_row _builder_version=&#8221;4.18.0&#8243; _module_preset=&#8221;default&#8221; background_enable_image=&#8221;off&#8221; global_colors_info=&#8221;{}&#8221;][et_pb_column type=&#8221;4_4&#8243; _builder_version=&#8221;4.17.1&#8243; _module_preset=&#8221;default&#8221; global_colors_info=&#8221;{}&#8221;][et_pb_text _builder_version=&#8221;4.18.0&#8243; _module_preset=&#8221;default&#8221; header_font=&#8221;|800|||||||&#8221; global_colors_info=&#8221;{}&#8221;]<\/p>\n<h1 style=\"text-align: center;\">News<\/h1>\n<p>[\/et_pb_text][et_pb_text _builder_version=&#8221;4.19.1&#8243; _module_preset=&#8221;default&#8221; hover_enabled=&#8221;0&#8243; global_colors_info=&#8221;{}&#8221; max_width=&#8221;50%&#8221; module_alignment=&#8221;center&#8221; sticky_enabled=&#8221;0&#8243;]<\/p>\n<p style=\"text-align: center;\">Wir berichten regelm\u00e4\u00dfig \u00fcber aktuelle Themen aus der Hochschule, Lehrbetrieb, Gremienarbeit und halten dich auf dem Laufenden. Du hast Anmerkungen, Vorschl\u00e4ge oder ein eigenes Thema, \u00fcber das du berichten m\u00f6chtest? Dann sende uns eine Mail an pr@hochschulfreun.de.<\/p>\n<p>[\/et_pb_text][\/et_pb_column][\/et_pb_row][\/et_pb_section][et_pb_section fb_built=&#8221;1&#8243; _builder_version=&#8221;4.18.0&#8243; _module_preset=&#8221;default&#8221; background_color=&#8221;#fbfdfe&#8221; custom_padding=&#8221;0px||0px|||&#8221; global_colors_info=&#8221;{}&#8221;][et_pb_row _builder_version=&#8221;4.17.1&#8243; _module_preset=&#8221;default&#8221; global_colors_info=&#8221;{}&#8221;][et_pb_column type=&#8221;4_4&#8243; _builder_version=&#8221;4.17.1&#8243; _module_preset=&#8221;default&#8221; global_colors_info=&#8221;{}&#8221;][et_pb_text _builder_version=&#8221;4.18.0&#8243; _module_preset=&#8221;default&#8221; global_colors_info=&#8221;{}&#8221;]<\/p>\n<h2>Aktueller Beitrag:<\/h2>\n<p>[\/et_pb_text][et_pb_blog posts_number=&#8221;1&#8243; meta_date=&#8221;j M. Y&#8221; excerpt_length=&#8221;540&#8243; show_more=&#8221;on&#8221; show_author=&#8221;off&#8221; show_pagination=&#8221;off&#8221; module_class=&#8221;hsfr_post_0&#8243; _builder_version=&#8221;4.18.0&#8243; _module_preset=&#8221;default&#8221; read_more_font=&#8221;|700|||||||&#8221; pagination_font=&#8221;hsfr_Raleway||||||||&#8221; text_orientation=&#8221;left&#8221; border_radii_image=&#8221;on|10px|10px|10px|10px&#8221; border_width_all_image=&#8221;1px&#8221; border_color_all_image=&#8221;#000000&#8243; global_colors_info=&#8221;{}&#8221;][\/et_pb_blog][\/et_pb_column][\/et_pb_row][\/et_pb_section][et_pb_section fb_built=&#8221;1&#8243; _builder_version=&#8221;4.18.0&#8243; _module_preset=&#8221;default&#8221; background_color=&#8221;#fbfdfe&#8221; global_colors_info=&#8221;{}&#8221;][et_pb_row _builder_version=&#8221;4.18.0&#8243; _module_preset=&#8221;default&#8221; global_colors_info=&#8221;{}&#8221;][et_pb_column type=&#8221;4_4&#8243; _builder_version=&#8221;4.18.0&#8243; _module_preset=&#8221;default&#8221; global_colors_info=&#8221;{}&#8221;][et_pb_blog fullwidth=&#8221;off&#8221; include_categories=&#8221;all&#8221; show_more=&#8221;on&#8221; show_author=&#8221;off&#8221; offset_number=&#8221;1&#8243; _builder_version=&#8221;4.18.0&#8243; _module_preset=&#8221;default&#8221; global_colors_info=&#8221;{}&#8221;][\/et_pb_blog][\/et_pb_column][\/et_pb_row][\/et_pb_section]<\/p>\n","protected":false},"excerpt":{"rendered":"<p>NewsWir berichten regelm\u00e4\u00dfig \u00fcber aktuelle Themen aus der Hochschule, Lehrbetrieb, Gremienarbeit und halten dich auf dem Laufenden. Du hast Anmerkungen, Vorschl\u00e4ge oder ein eigenes Thema, \u00fcber das du berichten m\u00f6chtest? Dann sende uns eine Mail an pr@hochschulfreun.de.Aktueller Beitrag:<\/p>\n","protected":false},"author":4,"featured_media":0,"parent":0,"menu_order":0,"comment_status":"closed","ping_status":"closed","template":"","meta":{"_et_pb_use_builder":"on","_et_pb_old_content":"\n[av_section min_height='custom' min_height_pc='25' min_height_px='385px' padding='default' custom_margin='0px' custom_margin_sync='true' color='main_color' background='bg_color' custom_bg='' background_gradient_color1='' background_gradient_color2='' background_gradient_direction='vertical' src='https:\/\/hochschulfreun.de\/wp-content\/uploads\/2021\/07\/Background.png' attachment='295' attachment_size='full' attach='scroll' position='center center' repeat='no-repeat' video='' video_ratio='16:9' overlay_opacity='0.5' overlay_color='' overlay_pattern='' overlay_custom_pattern='' shadow='no-border-styling' bottom_border='no-border-styling' bottom_border_diagonal_color='#333333' bottom_border_diagonal_direction='' bottom_border_style='' custom_arrow_bg='' id='' custom_class='' template_class='' aria_label='' av_element_hidden_in_editor='0' av_uid='av-14dfsvb' sc_version='1.0']\n[av_one_fourth first min_height='' vertical_alignment='av-align-top' space='' row_boxshadow='' row_boxshadow_color='' row_boxshadow_width='10' custom_margin='' margin='0px' mobile_breaking='' min_col_height='' padding='' svg_div_top='' svg_div_top_color='#333333' svg_div_top_width='100' svg_div_top_height='50' svg_div_top_max_height='none' svg_div_top_flip='' svg_div_top_invert='' svg_div_top_front='' svg_div_top_opacity='' svg_div_top_preview='' svg_div_bottom='' svg_div_bottom_color='#333333' svg_div_bottom_width='100' svg_div_bottom_height='50' svg_div_bottom_max_height='none' svg_div_bottom_flip='' svg_div_bottom_invert='' svg_div_bottom_front='' svg_div_bottom_opacity='' svg_div_bottom_preview='' border='' border_style='solid' border_color='' radius='' column_boxshadow='' column_boxshadow_color='' column_boxshadow_width='10' background='bg_color' background_color='' background_gradient_direction='vertical' background_gradient_color1='#000000' background_gradient_color2='#ffffff' background_gradient_color3='' src='' background_position='top left' background_repeat='no-repeat' highlight='' highlight_size='' animation='' link='' linktarget='' link_hover='' title_attr='' alt_attr='' mobile_display='' id='' custom_class='' template_class='' aria_label='' av_uid='av-1rti16v' sc_version='1.0']\n\n[\/av_one_fourth][av_one_half min_height='' vertical_alignment='av-align-top' space='' row_boxshadow='' row_boxshadow_color='' row_boxshadow_width='10' custom_margin='' margin='0px' mobile_breaking='' min_col_height='' padding='' svg_div_top='' svg_div_top_color='#333333' svg_div_top_width='100' svg_div_top_height='50' svg_div_top_max_height='none' svg_div_top_flip='' svg_div_top_invert='' svg_div_top_front='' svg_div_top_opacity='' svg_div_top_preview='' svg_div_bottom='' svg_div_bottom_color='#333333' svg_div_bottom_width='100' svg_div_bottom_height='50' svg_div_bottom_max_height='none' svg_div_bottom_flip='' svg_div_bottom_invert='' svg_div_bottom_front='' svg_div_bottom_opacity='' svg_div_bottom_preview='' border='' border_style='solid' border_color='' radius='' column_boxshadow='' column_boxshadow_color='' column_boxshadow_width='10' background='bg_color' background_color='' background_gradient_direction='vertical' background_gradient_color1='#000000' background_gradient_color2='#ffffff' background_gradient_color3='' src='' background_position='top left' background_repeat='no-repeat' highlight='' highlight_size='' animation='' link='' linktarget='' link_hover='' title_attr='' alt_attr='' mobile_display='' id='' custom_class='' template_class='' aria_label='' av_uid='av-17jvbc7' sc_version='1.0']\n\n[av_heading heading='News' tag='h1' style='blockquote modern-quote modern-centered' subheading_active='' show_icon='' icon='ue800' font='entypo-fontello' size='56' av-medium-font-size-title='' av-small-font-size-title='' av-mini-font-size-title='' subheading_size='' av-medium-font-size='' av-small-font-size='' av-mini-font-size='' icon_size='' av-medium-font-size-1='' av-small-font-size-1='' av-mini-font-size-1='' color='custom-color-heading' custom_font='' subheading_color='' seperator_color='' icon_color='' margin='' margin_sync='true' padding='50' icon_padding='10' headline_padding='' headline_padding_sync='true' link='' link_target='' id='' custom_class='' template_class='' av_uid='av-ksd513xd' sc_version='1.0' admin_preview_bg='rgb(255, 255, 255) none repeat scroll 0% 0%'][\/av_heading]\n\n[av_textblock size='' av-medium-font-size='' av-small-font-size='' av-mini-font-size='' font_color='' color='' id='' custom_class='under-header' template_class='' av_uid='av-ksd51jid' sc_version='1.0' admin_preview_bg='']\n<p style=\"text-align: center;\">Wir berichten regelm\u00e4\u00dfig \u00fcber aktuelle Themen aus der Hochschule, Lehrbetrieb, Gremienarbeit und halten dich auf dem Laufenden. Du hast Anmerkungen, Vorschl\u00e4ge oder ein eigenes Thema, \u00fcber das du berichten m\u00f6chtest? Dann sende uns eine Mail an <a href=\"mailto:pr@hochschulfreun.de\">pr@hochschulfreun.de<\/a>.<\/p>\n[\/av_textblock]\n\n[\/av_one_half][av_one_fourth min_height='' vertical_alignment='av-align-top' space='' row_boxshadow='' row_boxshadow_color='' row_boxshadow_width='10' custom_margin='' margin='0px' mobile_breaking='' min_col_height='' padding='' svg_div_top='' svg_div_top_color='#333333' svg_div_top_width='100' svg_div_top_height='50' svg_div_top_max_height='none' svg_div_top_flip='' svg_div_top_invert='' svg_div_top_front='' svg_div_top_opacity='' svg_div_top_preview='' svg_div_bottom='' svg_div_bottom_color='#333333' svg_div_bottom_width='100' svg_div_bottom_height='50' svg_div_bottom_max_height='none' svg_div_bottom_flip='' svg_div_bottom_invert='' svg_div_bottom_front='' svg_div_bottom_opacity='' svg_div_bottom_preview='' border='' border_style='solid' border_color='' radius='' column_boxshadow='' column_boxshadow_color='' column_boxshadow_width='10' background='bg_color' background_color='' background_gradient_direction='vertical' background_gradient_color1='#000000' background_gradient_color2='#ffffff' background_gradient_color3='' src='' background_position='top left' background_repeat='no-repeat' highlight='' highlight_size='' animation='' link='' linktarget='' link_hover='' title_attr='' alt_attr='' mobile_display='' id='' custom_class='' template_class='' aria_label='' av_uid='av-vr0e1z' sc_version='1.0']\n\n[\/av_one_fourth]\n[\/av_section]\n\n[av_section min_height='' min_height_pc='25' min_height_px='500px' padding='default' margin='' custom_margin='0px' color='main_color' background='bg_color' custom_bg='' background_gradient_color1='' background_gradient_color2='' background_gradient_direction='vertical' src='' attach='scroll' position='top left' repeat='no-repeat' video='' video_ratio='16:9' video_mobile_disabled='' overlay_enable='' overlay_opacity='0.5' overlay_color='' overlay_pattern='' overlay_custom_pattern='' shadow='no-border-styling' bottom_border='no-border-styling' bottom_border_diagonal_color='#333333' bottom_border_diagonal_direction='' bottom_border_style='' scroll_down='' custom_arrow_bg='' av-desktop-hide='' av-medium-hide='' av-small-hide='' av-mini-hide='' id='' custom_class='' template_class='' aria_label='' av_element_hidden_in_editor='0' av_uid='av-po9qef' sc_version='1.0']\n\n[av_one_full first min_height='' vertical_alignment='av-align-top' space='' row_boxshadow_color='' row_boxshadow_width='10' margin='0px' margin_sync='true' mobile_breaking='' border='' border_color='' radius='0px' radius_sync='true' padding='0px' padding_sync='true' column_boxshadow_color='' column_boxshadow_width='10' background='bg_color' background_color='' background_gradient_color1='' background_gradient_color2='' background_gradient_direction='vertical' src='' attachment='' attachment_size='' background_position='top left' background_repeat='no-repeat' highlight_size='1.1' animation='' link='' linktarget='' link_hover='' title_attr='' alt_attr='' mobile_display='' id='' custom_class='' template_class='' aria_label='' av_uid='av-q9ch7r' sc_version='1.0']\n\n[av_masonry_entries link='category,1,565,566,567,568,569,570,571,572,396,434,466' wc_prod_visible='' wc_prod_hidden='hide' wc_prod_featured='' prod_order_by='' prod_order='' date_filter='' date_filter_start='' date_filter_end='' date_filter_format='yy\/mm\/dd' period_filter_unit_1='1' period_filter_unit_2='year' sort='yes-tax' query_orderby='date' query_order='DESC' caption_elements='title excerpt' caption_styling='' caption_display='always' size='flex' orientation='' image_size='masonry' gap='large' columns='3' av-medium-columns='' av-small-columns='' av-mini-columns='' items='10' paginate='load_more' color='' custom_bg='' overlay_fx='active' animation='active' img_scrset='' lazy_loading='enabled' id='' custom_class='' template_class='' av_uid='av-ks7hlx69' sc_version='1.0']\n\n[\/av_one_full][\/av_section]\n","_et_gb_content_width":"","footnotes":""},"class_list":["post-42131","page","type-page","status-publish","hentry"],"_links":{"self":[{"href":"https:\/\/hochschulfreun.de\/en\/wp-json\/wp\/v2\/pages\/42131","targetHints":{"allow":["GET"]}}],"collection":[{"href":"https:\/\/hochschulfreun.de\/en\/wp-json\/wp\/v2\/pages"}],"about":[{"href":"https:\/\/hochschulfreun.de\/en\/wp-json\/wp\/v2\/types\/page"}],"author":[{"embeddable":true,"href":"https:\/\/hochschulfreun.de\/en\/wp-json\/wp\/v2\/users\/4"}],"replies":[{"embeddable":true,"href":"https:\/\/hochschulfreun.de\/en\/wp-json\/wp\/v2\/comments?post=42131"}],"version-history":[{"count":0,"href":"https:\/\/hochschulfreun.de\/en\/wp-json\/wp\/v2\/pages\/42131\/revisions"}],"wp:attachment":[{"href":"https:\/\/hochschulfreun.de\/en\/wp-json\/wp\/v2\/media?parent=42131"}],"curies":[{"name":"wp","href":"https:\/\/api.w.org\/{rel}","templated":true}]}}